{"id":170,"date":"2022-01-07T00:56:19","date_gmt":"2022-01-07T00:56:19","guid":{"rendered":"http:\/\/semillamedia.net\/system\/"},"modified":"2022-01-24T13:47:56","modified_gmt":"2022-01-24T12:47:56","slug":"system","status":"publish","type":"page","link":"https:\/\/semillamedia.net\/ca\/system\/","title":{"rendered":"System"},"content":{"rendered":"\n<h2 class=\"wp-block-heading\" id=\"semilla\">Projecte Semilla 2003 &#8211; 2014<\/h2>\n\n\n\n<figure class=\"wp-block-embed is-type-photo is-provider-flickr wp-block-embed-flickr\"><div class=\"wp-block-embed__wrapper\">\n<a href=\"https:\/\/flic.kr\/p\/LgRfR\"><img loading=\"lazy\" decoding=\"async\" src=\"https:\/\/live.staticflickr.com\/203\/501018201_bd9c36c4f0.jpg\" alt=\"subatakos en la guarida\" width=\"500\" height=\"303\" \/><\/a>\n<\/div><figcaption>subATAK al programa &#8220;la guarida del cr\u00e1pula&#8221; &#8211; Alternativa Barcelona Radio 102.4 FM &#8211; 16\/05\/2007\nfoto: Lautaro Zabala &#8211; font: <a href=\"https:\/\/flic.kr\/p\/LgRfR\">https:\/\/flic.kr\/p\/LgRfR<\/a><\/figcaption><\/figure>\n\n\n\n<h5 class=\"wp-block-heading\">el col\u00b7lectiu &#8211; semilla crew<\/h5>\n\n\n\n<p>Un equip integrat per col\u00b7laboradors de diverses nacionalitats que viuen a Barcelona compartint coneixements i recursos des del 2003.<\/p>\n\n\n\n<h5 class=\"wp-block-heading\">el directe &#8211; semilla live<\/h5>\n\n\n\n<p>Des de l&#8217;escenari, les diferents propostes de semilla es combinen din\u00e0micament per oferir un espectacle continu i variat, amb la intervenci\u00f3 de m\u00fasics, dj&#8217;s i vj&#8217;s.<\/p>\n\n\n\n<h5 class=\"wp-block-heading\">creaci\u00f3 &#8211; semilla content<\/h5>\n\n\n\n<p>Fora dels escenaris semilla \u00e9s un proc\u00e9s de creaci\u00f3 constant, generant una varietat de continguts que difonem principalment a trav\u00e9s de la xarxa com a m\u00fasica, v\u00eddeos i arts gr\u00e0fiques.<\/p>\n\n\n\n<h5 class=\"wp-block-heading\">difusi\u00f3 &#8211; semilla media<\/h5>\n\n\n\n<p>Nous mitjans de comunicaci\u00f3 globals al servei de la cultura, l&#8217;art i l&#8217;entreteniment sense anuncis publicitaris ni interessos comercials.<\/p>\n\n\n\n<h5 class=\"wp-block-heading\">aprenentatge &#8211; semilla grow<\/h5>\n\n\n\n<p>Un laboratori de recerca on els col\u00b7laboradors de semilla reforcen les seves habilitats i adquireixen nous coneixements que poden aplicar a altres \u00e0mbits de la seva vida professional i personal.<\/p>\n\n\n\n<hr class=\"wp-block-separator alignfull\"\/>\n\n\n\n<h1 class=\"wp-block-heading\" id=\"contacte\">Contacte<\/h1>\n\n\n\n<div class=\"wp-block-contact-form-7-contact-form-selector\">\n<div class=\"wpcf7 no-js\" id=\"wpcf7-f222-o1\" lang=\"ca\" dir=\"ltr\" data-wpcf7-id=\"222\">\n<div class=\"screen-reader-response\"><p role=\"status\" aria-live=\"polite\" aria-atomic=\"true\"><\/p> <ul><\/ul><\/div>\n<form action=\"\/ca\/wp-json\/wp\/v2\/pages\/170#wpcf7-f222-o1\" method=\"post\" class=\"wpcf7-form init\" aria-label=\"Formulari de contacte\" novalidate=\"novalidate\" data-status=\"init\">\n<fieldset class=\"hidden-fields-container\"><input type=\"hidden\" name=\"_wpcf7\" value=\"222\" \/><input type=\"hidden\" name=\"_wpcf7_version\" value=\"6.1.5\" \/><input type=\"hidden\" name=\"_wpcf7_locale\" value=\"ca\" \/><input type=\"hidden\" name=\"_wpcf7_unit_tag\" value=\"wpcf7-f222-o1\" \/><input type=\"hidden\" name=\"_wpcf7_container_post\" value=\"0\" \/><input type=\"hidden\" name=\"_wpcf7_posted_data_hash\" value=\"\" \/>\n<\/fieldset>\n<p><label> El teu nom<br \/>\n<span class=\"wpcf7-form-control-wrap\" data-name=\"your-name\"><input size=\"40\" maxlength=\"400\" class=\"wpcf7-form-control wpcf7-text wpcf7-validates-as-required\" aria-required=\"true\" aria-invalid=\"false\" value=\"\" type=\"text\" name=\"your-name\" \/><\/span> <\/label>\n<\/p>\n<p><label> El teu correu electr\u00f2nic<br \/>\n<span class=\"wpcf7-form-control-wrap\" data-name=\"your-email\"><input size=\"40\" maxlength=\"400\" class=\"wpcf7-form-control wpcf7-email wpcf7-validates-as-required wpcf7-text wpcf7-validates-as-email\" aria-required=\"true\" aria-invalid=\"false\" value=\"\" type=\"email\" name=\"your-email\" \/><\/span> <\/label>\n<\/p>\n<p><label> Assumpte<br \/>\n<span class=\"wpcf7-form-control-wrap\" data-name=\"your-subject\"><input size=\"40\" maxlength=\"400\" class=\"wpcf7-form-control wpcf7-text wpcf7-validates-as-required\" aria-required=\"true\" aria-invalid=\"false\" value=\"\" type=\"text\" name=\"your-subject\" \/><\/span> <\/label>\n<\/p>\n<p><label> El teu missatge (opcional)<br \/>\n<span class=\"wpcf7-form-control-wrap\" data-name=\"your-message\"><textarea cols=\"40\" rows=\"10\" maxlength=\"2000\" class=\"wpcf7-form-control wpcf7-textarea wpcf7-validates-as-required\" aria-required=\"true\" aria-invalid=\"false\" name=\"your-message\"><\/textarea><\/span> <\/label>\n<\/p>\n<p><span id=\"wpcf7-69d5068a9568f-wrapper\" class=\"wpcf7-form-control-wrap city-728-wrap\" style=\"display:none !important; visibility:hidden !important;\"><input type=\"hidden\" name=\"city-728-time-start\" value=\"1775568522\"><input type=\"hidden\" name=\"city-728-time-check\" value=\"4\"><label for=\"wpcf7-69d5068a9568f-field\" class=\"hp-message\">Deixeu aquest camp buit.<\/label><input id=\"wpcf7-69d5068a9568f-field\"  class=\"wpcf7-form-control wpcf7-text\" type=\"text\" name=\"city-728\" value=\"\" size=\"40\" tabindex=\"-1\" autocomplete=\"new-password\" \/><\/span>\n<\/p>\n<p><input class=\"wpcf7-form-control wpcf7-submit has-spinner\" type=\"submit\" value=\"Enviar\" \/>\n<\/p><p style=\"display: none !important;\" class=\"akismet-fields-container\" data-prefix=\"_wpcf7_ak_\"><label>&#916;<textarea name=\"_wpcf7_ak_hp_textarea\" cols=\"45\" rows=\"8\" maxlength=\"100\"><\/textarea><\/label><input type=\"hidden\" id=\"ak_js_1\" name=\"_wpcf7_ak_js\" value=\"214\"\/><script>document.getElementById( \"ak_js_1\" ).setAttribute( \"value\", ( new Date() ).getTime() );<\/script><\/p><div class=\"wpcf7-response-output\" aria-hidden=\"true\"><\/div>\n<\/form>\n<\/div>\n<\/div>\n\n\n\n<hr class=\"wp-block-separator\"\/>\n","protected":false},"excerpt":{"rendered":"<p>Projecte Semilla 2003 &#8211; 2014 el col\u00b7lectiu &#8211; semilla crew Un equip integrat per col\u00b7laboradors de diverses nacionalitats que viuen a Barcelona compartint coneixements i recursos des del 2003. el directe &#8211; semilla live Des de l&#8217;escenari, les diferents propostes de semilla es combinen din\u00e0micament per oferir un espectacle continu i variat, amb la intervenci\u00f3 &hellip;<\/p>\n<p class=\"read-more\"> <a class=\"\" href=\"https:\/\/semillamedia.net\/ca\/system\/\"> <span class=\"screen-reader-text\">System<\/span> Llegeix m\u00e9s &raquo;<\/a><\/p>\n","protected":false},"author":1,"featured_media":0,"parent":0,"menu_order":0,"comment_status":"closed","ping_status":"closed","template":"","meta":{"site-sidebar-layout":"right-sidebar","site-content-layout":"","ast-site-content-layout":"","site-content-style":"default","site-sidebar-style":"default","ast-global-header-display":"","ast-banner-title-visibility":"","ast-main-header-display":"","ast-hfb-above-header-display":"","ast-hfb-below-header-display":"","ast-hfb-mobile-header-display":"","site-post-title":"","ast-breadcrumbs-content":"","ast-featured-img":"","footer-sml-layout":"","theme-transparent-header-meta":"default","adv-header-id-meta":"","stick-header-meta":"","header-above-stick-meta":"","header-main-stick-meta":"","header-below-stick-meta":"","astra-migrate-meta-layouts":"","footnotes":""},"class_list":["post-170","page","type-page","status-publish","hentry"],"yoast_head":"<!-- This site is optimized with the Yoast SEO plugin v27.3 - https:\/\/yoast.com\/product\/yoast-seo-wordpress\/ -->\n<title>System - Projecte Semilla<\/title>\n<meta name=\"robots\" content=\"index, follow, max-snippet:-1, max-image-preview:large, max-video-preview:-1\" \/>\n<link rel=\"canonical\" href=\"https:\/\/semillamedia.net\/ca\/system\/\" \/>\n<meta property=\"og:locale\" content=\"ca_ES\" \/>\n<meta property=\"og:type\" content=\"article\" \/>\n<meta property=\"og:title\" content=\"System - Projecte Semilla\" \/>\n<meta property=\"og:description\" content=\"Projecte Semilla 2003 &#8211; 2014 el col\u00b7lectiu &#8211; semilla crew Un equip integrat per col\u00b7laboradors de diverses nacionalitats que viuen a Barcelona compartint coneixements i recursos des del 2003. el directe &#8211; semilla live Des de l&#8217;escenari, les diferents propostes de semilla es combinen din\u00e0micament per oferir un espectacle continu i variat, amb la intervenci\u00f3 &hellip; System Llegeix m\u00e9s &raquo;\" \/>\n<meta property=\"og:url\" content=\"https:\/\/semillamedia.net\/ca\/system\/\" \/>\n<meta property=\"og:site_name\" content=\"Projecte Semilla\" \/>\n<meta property=\"article:modified_time\" content=\"2022-01-24T12:47:56+00:00\" \/>\n<meta property=\"og:image\" content=\"https:\/\/semillamedia.net\/wp-content\/uploads\/2021\/12\/Image75.jpg\" \/>\n\t<meta property=\"og:image:width\" content=\"480\" \/>\n\t<meta property=\"og:image:height\" content=\"360\" \/>\n\t<meta property=\"og:image:type\" content=\"image\/jpeg\" \/>\n<meta name=\"twitter:card\" content=\"summary_large_image\" \/>\n<meta name=\"twitter:label1\" content=\"Temps estimat de lectura\" \/>\n\t<meta name=\"twitter:data1\" content=\"1 minut\" \/>\n<script type=\"application\/ld+json\" class=\"yoast-schema-graph\">{\"@context\":\"https:\\\/\\\/schema.org\",\"@graph\":[{\"@type\":\"WebPage\",\"@id\":\"https:\\\/\\\/semillamedia.net\\\/ca\\\/system\\\/\",\"url\":\"https:\\\/\\\/semillamedia.net\\\/ca\\\/system\\\/\",\"name\":\"System - Projecte Semilla\",\"isPartOf\":{\"@id\":\"https:\\\/\\\/semillamedia.net\\\/ca\\\/#website\"},\"datePublished\":\"2022-01-07T00:56:19+00:00\",\"dateModified\":\"2022-01-24T12:47:56+00:00\",\"breadcrumb\":{\"@id\":\"https:\\\/\\\/semillamedia.net\\\/ca\\\/system\\\/#breadcrumb\"},\"inLanguage\":\"ca\",\"potentialAction\":[{\"@type\":\"ReadAction\",\"target\":[\"https:\\\/\\\/semillamedia.net\\\/ca\\\/system\\\/\"]}]},{\"@type\":\"BreadcrumbList\",\"@id\":\"https:\\\/\\\/semillamedia.net\\\/ca\\\/system\\\/#breadcrumb\",\"itemListElement\":[{\"@type\":\"ListItem\",\"position\":1,\"name\":\"Portada\",\"item\":\"https:\\\/\\\/semillamedia.net\\\/ca\\\/\"},{\"@type\":\"ListItem\",\"position\":2,\"name\":\"System\"}]},{\"@type\":\"WebSite\",\"@id\":\"https:\\\/\\\/semillamedia.net\\\/ca\\\/#website\",\"url\":\"https:\\\/\\\/semillamedia.net\\\/ca\\\/\",\"name\":\"Projecte Semilla\",\"description\":\"Mem\u00f2ria dun col\u00b7lectiu art\u00edstic. Barcelona 2003-2014\",\"publisher\":{\"@id\":\"https:\\\/\\\/semillamedia.net\\\/ca\\\/#organization\"},\"potentialAction\":[{\"@type\":\"SearchAction\",\"target\":{\"@type\":\"EntryPoint\",\"urlTemplate\":\"https:\\\/\\\/semillamedia.net\\\/ca\\\/?s={search_term_string}\"},\"query-input\":{\"@type\":\"PropertyValueSpecification\",\"valueRequired\":true,\"valueName\":\"search_term_string\"}}],\"inLanguage\":\"ca\"},{\"@type\":\"Organization\",\"@id\":\"https:\\\/\\\/semillamedia.net\\\/ca\\\/#organization\",\"name\":\"Proyecto Semilla\",\"url\":\"https:\\\/\\\/semillamedia.net\\\/ca\\\/\",\"logo\":{\"@type\":\"ImageObject\",\"inLanguage\":\"ca\",\"@id\":\"https:\\\/\\\/semillamedia.net\\\/ca\\\/#\\\/schema\\\/logo\\\/image\\\/\",\"url\":\"https:\\\/\\\/semillamedia.net\\\/wp-content\\\/uploads\\\/2021\\\/12\\\/Image75.jpg\",\"contentUrl\":\"https:\\\/\\\/semillamedia.net\\\/wp-content\\\/uploads\\\/2021\\\/12\\\/Image75.jpg\",\"width\":480,\"height\":360,\"caption\":\"Proyecto Semilla\"},\"image\":{\"@id\":\"https:\\\/\\\/semillamedia.net\\\/ca\\\/#\\\/schema\\\/logo\\\/image\\\/\"}}]}<\/script>\n<!-- \/ Yoast SEO plugin. -->","yoast_head_json":{"title":"System - Projecte Semilla","robots":{"index":"index","follow":"follow","max-snippet":"max-snippet:-1","max-image-preview":"max-image-preview:large","max-video-preview":"max-video-preview:-1"},"canonical":"https:\/\/semillamedia.net\/ca\/system\/","og_locale":"ca_ES","og_type":"article","og_title":"System - Projecte Semilla","og_description":"Projecte Semilla 2003 &#8211; 2014 el col\u00b7lectiu &#8211; semilla crew Un equip integrat per col\u00b7laboradors de diverses nacionalitats que viuen a Barcelona compartint coneixements i recursos des del 2003. el directe &#8211; semilla live Des de l&#8217;escenari, les diferents propostes de semilla es combinen din\u00e0micament per oferir un espectacle continu i variat, amb la intervenci\u00f3 &hellip; System Llegeix m\u00e9s &raquo;","og_url":"https:\/\/semillamedia.net\/ca\/system\/","og_site_name":"Projecte Semilla","article_modified_time":"2022-01-24T12:47:56+00:00","og_image":[{"width":480,"height":360,"url":"https:\/\/semillamedia.net\/wp-content\/uploads\/2021\/12\/Image75.jpg","type":"image\/jpeg"}],"twitter_card":"summary_large_image","twitter_misc":{"Temps estimat de lectura":"1 minut"},"schema":{"@context":"https:\/\/schema.org","@graph":[{"@type":"WebPage","@id":"https:\/\/semillamedia.net\/ca\/system\/","url":"https:\/\/semillamedia.net\/ca\/system\/","name":"System - Projecte Semilla","isPartOf":{"@id":"https:\/\/semillamedia.net\/ca\/#website"},"datePublished":"2022-01-07T00:56:19+00:00","dateModified":"2022-01-24T12:47:56+00:00","breadcrumb":{"@id":"https:\/\/semillamedia.net\/ca\/system\/#breadcrumb"},"inLanguage":"ca","potentialAction":[{"@type":"ReadAction","target":["https:\/\/semillamedia.net\/ca\/system\/"]}]},{"@type":"BreadcrumbList","@id":"https:\/\/semillamedia.net\/ca\/system\/#breadcrumb","itemListElement":[{"@type":"ListItem","position":1,"name":"Portada","item":"https:\/\/semillamedia.net\/ca\/"},{"@type":"ListItem","position":2,"name":"System"}]},{"@type":"WebSite","@id":"https:\/\/semillamedia.net\/ca\/#website","url":"https:\/\/semillamedia.net\/ca\/","name":"Projecte Semilla","description":"Mem\u00f2ria dun col\u00b7lectiu art\u00edstic. Barcelona 2003-2014","publisher":{"@id":"https:\/\/semillamedia.net\/ca\/#organization"},"potentialAction":[{"@type":"SearchAction","target":{"@type":"EntryPoint","urlTemplate":"https:\/\/semillamedia.net\/ca\/?s={search_term_string}"},"query-input":{"@type":"PropertyValueSpecification","valueRequired":true,"valueName":"search_term_string"}}],"inLanguage":"ca"},{"@type":"Organization","@id":"https:\/\/semillamedia.net\/ca\/#organization","name":"Proyecto Semilla","url":"https:\/\/semillamedia.net\/ca\/","logo":{"@type":"ImageObject","inLanguage":"ca","@id":"https:\/\/semillamedia.net\/ca\/#\/schema\/logo\/image\/","url":"https:\/\/semillamedia.net\/wp-content\/uploads\/2021\/12\/Image75.jpg","contentUrl":"https:\/\/semillamedia.net\/wp-content\/uploads\/2021\/12\/Image75.jpg","width":480,"height":360,"caption":"Proyecto Semilla"},"image":{"@id":"https:\/\/semillamedia.net\/ca\/#\/schema\/logo\/image\/"}}]}},"_links":{"self":[{"href":"https:\/\/semillamedia.net\/ca\/wp-json\/wp\/v2\/pages\/170","targetHints":{"allow":["GET"]}}],"collection":[{"href":"https:\/\/semillamedia.net\/ca\/wp-json\/wp\/v2\/pages"}],"about":[{"href":"https:\/\/semillamedia.net\/ca\/wp-json\/wp\/v2\/types\/page"}],"author":[{"embeddable":true,"href":"https:\/\/semillamedia.net\/ca\/wp-json\/wp\/v2\/users\/1"}],"replies":[{"embeddable":true,"href":"https:\/\/semillamedia.net\/ca\/wp-json\/wp\/v2\/comments?post=170"}],"version-history":[{"count":4,"href":"https:\/\/semillamedia.net\/ca\/wp-json\/wp\/v2\/pages\/170\/revisions"}],"predecessor-version":[{"id":473,"href":"https:\/\/semillamedia.net\/ca\/wp-json\/wp\/v2\/pages\/170\/revisions\/473"}],"wp:attachment":[{"href":"https:\/\/semillamedia.net\/ca\/wp-json\/wp\/v2\/media?parent=170"}],"curies":[{"name":"wp","href":"https:\/\/api.w.org\/{rel}","templated":true}]}}