{"id":158,"date":"2022-01-06T21:41:12","date_gmt":"2022-01-06T21:41:12","guid":{"rendered":"http:\/\/semillamedia.net\/multimedia\/"},"modified":"2022-01-07T00:44:03","modified_gmt":"2022-01-07T00:44:03","slug":"multimedia","status":"publish","type":"page","link":"https:\/\/semillamedia.net\/ca\/multimedia\/","title":{"rendered":"Multimedia"},"content":{"rendered":"\n<p>El Projecte Semilla va reunir professionals de diferents disciplines: disseny, programaci\u00f3, so, fotografia, il\u00b7lustraci\u00f3, arts esc\u00e8niques. Tots amb un inter\u00e8s com\u00fa per aprendre jugant, experimentant i compartint.<\/p>\n\n\n\n<p>En aquesta p\u00e0gina us oferim una petita mostra d&#8217;informaci\u00f3 que segueix disponible a trav\u00e9s de plataformes com Youtube o Soundcloud, incloent creacions del col\u00b7lectiu i els seus membres aix\u00ed com reportatges en mitjans tradicionals de r\u00e0dio i televisi\u00f3.<\/p>\n\n\n\n<figure class=\"wp-block-embed is-type-video is-provider-youtube wp-block-embed-youtube wp-embed-aspect-16-9 wp-has-aspect-ratio\"><div class=\"wp-block-embed__wrapper\">\n<div class=\"ast-oembed-container\" style=\"height: 100%;\"><iframe loading=\"lazy\" title=\"subATAK - Opus 1\" width=\"500\" height=\"281\" src=\"https:\/\/www.youtube.com\/embed\/Gj8P8oPbeQM?feature=oembed\" frameborder=\"0\" allow=\"accelerometer; autoplay; clipboard-write; encrypted-media; gyroscope; picture-in-picture; web-share\" referrerpolicy=\"strict-origin-when-cross-origin\" allowfullscreen><\/iframe><\/div>\n<\/div><figcaption>semillamedia.net &#8211; miprimerdrop.com Barcelona 2005.\ngameboy \/ mix: brujo &#8211; bajo: Marcelo Acosta &#8211; video: Txalo Toloza<\/figcaption><\/figure>\n\n\n\n<h2 class=\"wp-block-heading\" id=\"audio\">Audio<\/h2>\n\n\n\n<div class=\"wp-block-columns is-layout-flex wp-container-core-columns-is-layout-28f84493 wp-block-columns-is-layout-flex\">\n<div class=\"wp-block-column is-layout-flow wp-block-column-is-layout-flow\">\n<figure class=\"wp-block-embed is-type-rich is-provider-soundcloud wp-block-embed-soundcloud wp-embed-aspect-4-3 wp-has-aspect-ratio\"><div class=\"wp-block-embed__wrapper\">\n<iframe loading=\"lazy\" title=\"Remember by Subatak\" width=\"500\" height=\"450\" scrolling=\"no\" frameborder=\"no\" src=\"https:\/\/w.soundcloud.com\/player\/?visual=true&#038;url=https%3A%2F%2Fapi.soundcloud.com%2Fplaylists%2F7968916&#038;show_artwork=true&#038;maxheight=750&#038;maxwidth=500\"><\/iframe>\n<\/div><\/figure>\n<\/div>\n\n\n\n<div class=\"wp-block-column is-layout-flow wp-block-column-is-layout-flow\">\n<figure class=\"wp-block-embed is-type-rich is-provider-soundcloud wp-block-embed-soundcloud wp-embed-aspect-4-3 wp-has-aspect-ratio\"><div class=\"wp-block-embed__wrapper\">\n<iframe loading=\"lazy\" title=\"Close your eyes by Lautaro\" width=\"500\" height=\"450\" scrolling=\"no\" frameborder=\"no\" src=\"https:\/\/w.soundcloud.com\/player\/?visual=true&#038;url=https%3A%2F%2Fapi.soundcloud.com%2Fplaylists%2F148277&#038;show_artwork=true&#038;maxheight=750&#038;maxwidth=500\"><\/iframe>\n<\/div><\/figure>\n<\/div>\n<\/div>\n\n\n\n<h2 class=\"wp-block-heading\" id=\"tv\">a R\u00e0dio i Televisi\u00f3<\/h2>\n\n\n\n<h3 class=\"wp-block-heading\">Canal 4<\/h3>\n\n\n\n<figure class=\"wp-block-embed is-type-video is-provider-youtube wp-block-embed-youtube wp-embed-aspect-4-3 wp-has-aspect-ratio\"><div class=\"wp-block-embed__wrapper\">\n<div class=\"ast-oembed-container\" style=\"height: 100%;\"><iframe loading=\"lazy\" title=\"8bit &amp; circuit bending: Lowtoy and friends en Noticias CUATRO\" width=\"500\" height=\"375\" src=\"https:\/\/www.youtube.com\/embed\/AqFXPWe73ls?feature=oembed\" frameborder=\"0\" allow=\"accelerometer; autoplay; clipboard-write; encrypted-media; gyroscope; picture-in-picture; web-share\" referrerpolicy=\"strict-origin-when-cross-origin\" allowfullscreen><\/iframe><\/div>\n<\/div><figcaption>8bit &amp; circuit bending: Lowtoy and friends en Noticias CUATRO\nReportatge d&#8217;Alberto G\u00f3mez per a not\u00edcies Cuatro, gravat durant la festa chiptune &#8220;Free the Gameboy&#8221; 8\/10\/2010\n<a href=\"https:\/\/lau7aro.wordpress.com\/2010\/10\/05\/free-the-gameboy\/\">https:\/\/lau7aro.wordpress.com\/2010\/10\/05\/free-the-gameboy\/<\/a><\/figcaption><\/figure>\n\n\n\n<h3 class=\"wp-block-heading\">RTVE &#8211; Televisi\u00f3n Espa\u00f1ola<\/h3>\n\n\n\n<figure class=\"wp-block-embed is-type-video is-provider-youtube wp-block-embed-youtube wp-embed-aspect-4-3 wp-has-aspect-ratio\"><div class=\"wp-block-embed__wrapper\">\n<div class=\"ast-oembed-container\" style=\"height: 100%;\"><iframe loading=\"lazy\" title=\"subatak@leonart\" width=\"500\" height=\"375\" src=\"https:\/\/www.youtube.com\/embed\/Pn0pUYRyS1c?feature=oembed\" frameborder=\"0\" allow=\"accelerometer; autoplay; clipboard-write; encrypted-media; gyroscope; picture-in-picture; web-share\" referrerpolicy=\"strict-origin-when-cross-origin\" allowfullscreen><\/iframe><\/div>\n<\/div><figcaption>Subatak en Leonart, programa infantil de ci\u00e8ncia de TVE. 2007<\/figcaption><\/figure>\n\n\n\n<h3 class=\"wp-block-heading\">Catalunya Radio<\/h3>\n\n\n\n<p>Generaci\u00f3 Digital &#8211; 30\/04\/11<\/p>\n\n\n\n<p><\/p>\n","protected":false},"excerpt":{"rendered":"<p>El Projecte Semilla va reunir professionals de diferents disciplines: disseny, programaci\u00f3, so, fotografia, il\u00b7lustraci\u00f3, arts esc\u00e8niques. Tots amb un inter\u00e8s com\u00fa per aprendre jugant, experimentant i compartint. En aquesta p\u00e0gina us oferim una petita mostra d&#8217;informaci\u00f3 que segueix disponible a trav\u00e9s de plataformes com Youtube o Soundcloud, incloent creacions del col\u00b7lectiu i els seus membres &hellip;<\/p>\n<p class=\"read-more\"> <a class=\"\" href=\"https:\/\/semillamedia.net\/ca\/multimedia\/\"> <span class=\"screen-reader-text\">Multimedia<\/span> Llegeix m\u00e9s &raquo;<\/a><\/p>\n","protected":false},"author":1,"featured_media":0,"parent":0,"menu_order":0,"comment_status":"closed","ping_status":"closed","template":"","meta":{"site-sidebar-layout":"default","site-content-layout":"","ast-site-content-layout":"","site-content-style":"default","site-sidebar-style":"default","ast-global-header-display":"","ast-banner-title-visibility":"","ast-main-header-display":"","ast-hfb-above-header-display":"","ast-hfb-below-header-display":"","ast-hfb-mobile-header-display":"","site-post-title":"","ast-breadcrumbs-content":"","ast-featured-img":"","footer-sml-layout":"","theme-transparent-header-meta":"","adv-header-id-meta":"","stick-header-meta":"","header-above-stick-meta":"","header-main-stick-meta":"","header-below-stick-meta":"","astra-migrate-meta-layouts":"","footnotes":""},"class_list":["post-158","page","type-page","status-publish","hentry"],"yoast_head":"<!-- This site is optimized with the Yoast SEO plugin v27.3 - https:\/\/yoast.com\/product\/yoast-seo-wordpress\/ -->\n<title>Multimedia - Projecte Semilla<\/title>\n<meta name=\"robots\" content=\"index, follow, max-snippet:-1, max-image-preview:large, max-video-preview:-1\" \/>\n<link rel=\"canonical\" href=\"https:\/\/semillamedia.net\/ca\/multimedia\/\" \/>\n<meta property=\"og:locale\" content=\"ca_ES\" \/>\n<meta property=\"og:type\" content=\"article\" \/>\n<meta property=\"og:title\" content=\"Multimedia - Projecte Semilla\" \/>\n<meta property=\"og:description\" content=\"El Projecte Semilla va reunir professionals de diferents disciplines: disseny, programaci\u00f3, so, fotografia, il\u00b7lustraci\u00f3, arts esc\u00e8niques. Tots amb un inter\u00e8s com\u00fa per aprendre jugant, experimentant i compartint. En aquesta p\u00e0gina us oferim una petita mostra d&#8217;informaci\u00f3 que segueix disponible a trav\u00e9s de plataformes com Youtube o Soundcloud, incloent creacions del col\u00b7lectiu i els seus membres &hellip; Multimedia Llegeix m\u00e9s &raquo;\" \/>\n<meta property=\"og:url\" content=\"https:\/\/semillamedia.net\/ca\/multimedia\/\" \/>\n<meta property=\"og:site_name\" content=\"Projecte Semilla\" \/>\n<meta property=\"article:modified_time\" content=\"2022-01-07T00:44:03+00:00\" \/>\n<meta property=\"og:image\" content=\"https:\/\/semillamedia.net\/wp-content\/uploads\/2021\/12\/Image75.jpg\" \/>\n\t<meta property=\"og:image:width\" content=\"480\" \/>\n\t<meta property=\"og:image:height\" content=\"360\" \/>\n\t<meta property=\"og:image:type\" content=\"image\/jpeg\" \/>\n<meta name=\"twitter:card\" content=\"summary_large_image\" \/>\n<meta name=\"twitter:label1\" content=\"Temps estimat de lectura\" \/>\n\t<meta name=\"twitter:data1\" content=\"1 minut\" \/>\n<script type=\"application\/ld+json\" class=\"yoast-schema-graph\">{\"@context\":\"https:\\\/\\\/schema.org\",\"@graph\":[{\"@type\":\"WebPage\",\"@id\":\"https:\\\/\\\/semillamedia.net\\\/ca\\\/multimedia\\\/\",\"url\":\"https:\\\/\\\/semillamedia.net\\\/ca\\\/multimedia\\\/\",\"name\":\"Multimedia - Projecte Semilla\",\"isPartOf\":{\"@id\":\"https:\\\/\\\/semillamedia.net\\\/ca\\\/#website\"},\"datePublished\":\"2022-01-06T21:41:12+00:00\",\"dateModified\":\"2022-01-07T00:44:03+00:00\",\"breadcrumb\":{\"@id\":\"https:\\\/\\\/semillamedia.net\\\/ca\\\/multimedia\\\/#breadcrumb\"},\"inLanguage\":\"ca\",\"potentialAction\":[{\"@type\":\"ReadAction\",\"target\":[\"https:\\\/\\\/semillamedia.net\\\/ca\\\/multimedia\\\/\"]}]},{\"@type\":\"BreadcrumbList\",\"@id\":\"https:\\\/\\\/semillamedia.net\\\/ca\\\/multimedia\\\/#breadcrumb\",\"itemListElement\":[{\"@type\":\"ListItem\",\"position\":1,\"name\":\"Portada\",\"item\":\"https:\\\/\\\/semillamedia.net\\\/ca\\\/\"},{\"@type\":\"ListItem\",\"position\":2,\"name\":\"Multimedia\"}]},{\"@type\":\"WebSite\",\"@id\":\"https:\\\/\\\/semillamedia.net\\\/ca\\\/#website\",\"url\":\"https:\\\/\\\/semillamedia.net\\\/ca\\\/\",\"name\":\"Projecte Semilla\",\"description\":\"Mem\u00f2ria dun col\u00b7lectiu art\u00edstic. Barcelona 2003-2014\",\"publisher\":{\"@id\":\"https:\\\/\\\/semillamedia.net\\\/ca\\\/#organization\"},\"potentialAction\":[{\"@type\":\"SearchAction\",\"target\":{\"@type\":\"EntryPoint\",\"urlTemplate\":\"https:\\\/\\\/semillamedia.net\\\/ca\\\/?s={search_term_string}\"},\"query-input\":{\"@type\":\"PropertyValueSpecification\",\"valueRequired\":true,\"valueName\":\"search_term_string\"}}],\"inLanguage\":\"ca\"},{\"@type\":\"Organization\",\"@id\":\"https:\\\/\\\/semillamedia.net\\\/ca\\\/#organization\",\"name\":\"Proyecto Semilla\",\"url\":\"https:\\\/\\\/semillamedia.net\\\/ca\\\/\",\"logo\":{\"@type\":\"ImageObject\",\"inLanguage\":\"ca\",\"@id\":\"https:\\\/\\\/semillamedia.net\\\/ca\\\/#\\\/schema\\\/logo\\\/image\\\/\",\"url\":\"https:\\\/\\\/semillamedia.net\\\/wp-content\\\/uploads\\\/2021\\\/12\\\/Image75.jpg\",\"contentUrl\":\"https:\\\/\\\/semillamedia.net\\\/wp-content\\\/uploads\\\/2021\\\/12\\\/Image75.jpg\",\"width\":480,\"height\":360,\"caption\":\"Proyecto Semilla\"},\"image\":{\"@id\":\"https:\\\/\\\/semillamedia.net\\\/ca\\\/#\\\/schema\\\/logo\\\/image\\\/\"}}]}<\/script>\n<!-- \/ Yoast SEO plugin. -->","yoast_head_json":{"title":"Multimedia - Projecte Semilla","robots":{"index":"index","follow":"follow","max-snippet":"max-snippet:-1","max-image-preview":"max-image-preview:large","max-video-preview":"max-video-preview:-1"},"canonical":"https:\/\/semillamedia.net\/ca\/multimedia\/","og_locale":"ca_ES","og_type":"article","og_title":"Multimedia - Projecte Semilla","og_description":"El Projecte Semilla va reunir professionals de diferents disciplines: disseny, programaci\u00f3, so, fotografia, il\u00b7lustraci\u00f3, arts esc\u00e8niques. Tots amb un inter\u00e8s com\u00fa per aprendre jugant, experimentant i compartint. En aquesta p\u00e0gina us oferim una petita mostra d&#8217;informaci\u00f3 que segueix disponible a trav\u00e9s de plataformes com Youtube o Soundcloud, incloent creacions del col\u00b7lectiu i els seus membres &hellip; Multimedia Llegeix m\u00e9s &raquo;","og_url":"https:\/\/semillamedia.net\/ca\/multimedia\/","og_site_name":"Projecte Semilla","article_modified_time":"2022-01-07T00:44:03+00:00","og_image":[{"width":480,"height":360,"url":"https:\/\/semillamedia.net\/wp-content\/uploads\/2021\/12\/Image75.jpg","type":"image\/jpeg"}],"twitter_card":"summary_large_image","twitter_misc":{"Temps estimat de lectura":"1 minut"},"schema":{"@context":"https:\/\/schema.org","@graph":[{"@type":"WebPage","@id":"https:\/\/semillamedia.net\/ca\/multimedia\/","url":"https:\/\/semillamedia.net\/ca\/multimedia\/","name":"Multimedia - Projecte Semilla","isPartOf":{"@id":"https:\/\/semillamedia.net\/ca\/#website"},"datePublished":"2022-01-06T21:41:12+00:00","dateModified":"2022-01-07T00:44:03+00:00","breadcrumb":{"@id":"https:\/\/semillamedia.net\/ca\/multimedia\/#breadcrumb"},"inLanguage":"ca","potentialAction":[{"@type":"ReadAction","target":["https:\/\/semillamedia.net\/ca\/multimedia\/"]}]},{"@type":"BreadcrumbList","@id":"https:\/\/semillamedia.net\/ca\/multimedia\/#breadcrumb","itemListElement":[{"@type":"ListItem","position":1,"name":"Portada","item":"https:\/\/semillamedia.net\/ca\/"},{"@type":"ListItem","position":2,"name":"Multimedia"}]},{"@type":"WebSite","@id":"https:\/\/semillamedia.net\/ca\/#website","url":"https:\/\/semillamedia.net\/ca\/","name":"Projecte Semilla","description":"Mem\u00f2ria dun col\u00b7lectiu art\u00edstic. Barcelona 2003-2014","publisher":{"@id":"https:\/\/semillamedia.net\/ca\/#organization"},"potentialAction":[{"@type":"SearchAction","target":{"@type":"EntryPoint","urlTemplate":"https:\/\/semillamedia.net\/ca\/?s={search_term_string}"},"query-input":{"@type":"PropertyValueSpecification","valueRequired":true,"valueName":"search_term_string"}}],"inLanguage":"ca"},{"@type":"Organization","@id":"https:\/\/semillamedia.net\/ca\/#organization","name":"Proyecto Semilla","url":"https:\/\/semillamedia.net\/ca\/","logo":{"@type":"ImageObject","inLanguage":"ca","@id":"https:\/\/semillamedia.net\/ca\/#\/schema\/logo\/image\/","url":"https:\/\/semillamedia.net\/wp-content\/uploads\/2021\/12\/Image75.jpg","contentUrl":"https:\/\/semillamedia.net\/wp-content\/uploads\/2021\/12\/Image75.jpg","width":480,"height":360,"caption":"Proyecto Semilla"},"image":{"@id":"https:\/\/semillamedia.net\/ca\/#\/schema\/logo\/image\/"}}]}},"_links":{"self":[{"href":"https:\/\/semillamedia.net\/ca\/wp-json\/wp\/v2\/pages\/158","targetHints":{"allow":["GET"]}}],"collection":[{"href":"https:\/\/semillamedia.net\/ca\/wp-json\/wp\/v2\/pages"}],"about":[{"href":"https:\/\/semillamedia.net\/ca\/wp-json\/wp\/v2\/types\/page"}],"author":[{"embeddable":true,"href":"https:\/\/semillamedia.net\/ca\/wp-json\/wp\/v2\/users\/1"}],"replies":[{"embeddable":true,"href":"https:\/\/semillamedia.net\/ca\/wp-json\/wp\/v2\/comments?post=158"}],"version-history":[{"count":2,"href":"https:\/\/semillamedia.net\/ca\/wp-json\/wp\/v2\/pages\/158\/revisions"}],"predecessor-version":[{"id":169,"href":"https:\/\/semillamedia.net\/ca\/wp-json\/wp\/v2\/pages\/158\/revisions\/169"}],"wp:attachment":[{"href":"https:\/\/semillamedia.net\/ca\/wp-json\/wp\/v2\/media?parent=158"}],"curies":[{"name":"wp","href":"https:\/\/api.w.org\/{rel}","templated":true}]}}