{"id":145,"date":"2022-01-06T13:35:36","date_gmt":"2022-01-06T13:35:36","guid":{"rendered":"http:\/\/semillamedia.net\/semilla\/"},"modified":"2024-01-25T21:46:27","modified_gmt":"2024-01-25T20:46:27","slug":"semilla","status":"publish","type":"page","link":"https:\/\/semillamedia.net\/ca\/","title":{"rendered":"Semilla"},"content":{"rendered":"\n<figure class=\"wp-block-image aligncenter size-full\"><img loading=\"lazy\" decoding=\"async\" width=\"480\" height=\"360\" src=\"http:\/\/semillamedia.net\/wp-content\/uploads\/2021\/12\/Image75.jpg\" alt=\"\" class=\"wp-image-6\" srcset=\"https:\/\/semillamedia.net\/wp-content\/uploads\/2021\/12\/Image75.jpg 480w, https:\/\/semillamedia.net\/wp-content\/uploads\/2021\/12\/Image75-300x225.jpg 300w\" sizes=\"auto, (max-width: 480px) 100vw, 480px\" \/><figcaption class=\"wp-element-caption\">Telenoika VAX12_06 (Facultat de Belles Arts &#8211; Universitat de Barcelona) &#8211; 15\/06\/2005<\/figcaption><\/figure>\n\n<h3 class=\"wp-block-heading\" id=\"recordando-semilla\">Recordant Semilla<\/h3>\n\n<p>El Projecte Semilla neix a Barcelona l&#8217;any 2003 com a <strong>col\u00b7lectiu d&#8217;art i tecnologia<\/strong>. El grup va estar en actiu fins a principis de la d\u00e8cada seg\u00fcent. A la primavera del 2014 la web oficial es va deshabilitar, marcant el final del projecte i la culminaci\u00f3 d&#8217;una meravellosa etapa creativa.<\/p>\n\n<p>Actualment volem <strong>rescatar i conservar la mem\u00f2ria<\/strong> d&#8217;aquest col\u00b7lectiu per preservar en el temps els registres audiovisuals que es van generar durant aquest per\u00edode i donar una nova difusi\u00f3 a les diferents obres d&#8217;art digital que encara es conserven.<\/p>\n\n<p>Aix\u00ed mateix ens agradaria <strong>recon\u00e8ixer i retribuir<\/strong> diferents artistes i col\u00b7laboradors que van fer possible aquest projecte amb el principal objectiu de compartir, gaudir i aprendre junts.<\/p>\n\n<figure class=\"wp-block-image aligncenter size-full is-resized\"><img loading=\"lazy\" decoding=\"async\" width=\"400\" height=\"300\" src=\"http:\/\/semillamedia.net\/wp-content\/uploads\/2021\/12\/subatak-KBB.jpg\" alt=\"\" class=\"wp-image-11\" style=\"width:400px;height:300px\" srcset=\"https:\/\/semillamedia.net\/wp-content\/uploads\/2021\/12\/subatak-KBB.jpg 400w, https:\/\/semillamedia.net\/wp-content\/uploads\/2021\/12\/subatak-KBB-300x225.jpg 300w\" sizes=\"auto, (max-width: 400px) 100vw, 400px\" \/><figcaption class=\"wp-element-caption\">Galer\u00eda KBB &#8211; Barcelona 18\/03\/2006<\/figcaption><\/figure>\n\n<figure class=\"wp-block-image aligncenter size-full\"><img loading=\"lazy\" decoding=\"async\" width=\"800\" height=\"634\" src=\"http:\/\/semillamedia.net\/wp-content\/uploads\/2021\/12\/caixaforum2007-david_domingo.jpg\" alt=\"\" class=\"wp-image-13\" srcset=\"https:\/\/semillamedia.net\/wp-content\/uploads\/2021\/12\/caixaforum2007-david_domingo.jpg 800w, https:\/\/semillamedia.net\/wp-content\/uploads\/2021\/12\/caixaforum2007-david_domingo-300x238.jpg 300w, https:\/\/semillamedia.net\/wp-content\/uploads\/2021\/12\/caixaforum2007-david_domingo-768x609.jpg 768w\" sizes=\"auto, (max-width: 800px) 100vw, 800px\" \/><figcaption class=\"wp-element-caption\">8 bits nit a I-Dissabtes CXF&#13;\nCaixa Forum, Barcelona 3\/02\/2007&#13;\nFoto: David Domingo &#8211; font: <a href=\"https:\/\/flic.kr\/p\/zBQKR\">https:\/\/flic.kr\/p\/zBQKR<\/a>&#13;\n<a href=\"https:\/\/creativecommons.org\/licenses\/by-nc-sa\/2.0\/\">Alguns drets reservats<\/a><\/figcaption><\/figure>\n\n<figure class=\"wp-block-image aligncenter size-full\"><img loading=\"lazy\" decoding=\"async\" width=\"799\" height=\"533\" src=\"http:\/\/semillamedia.net\/wp-content\/uploads\/2021\/12\/medialab2009.jpg\" alt=\"\" class=\"wp-image-12\" srcset=\"https:\/\/semillamedia.net\/wp-content\/uploads\/2021\/12\/medialab2009.jpg 799w, https:\/\/semillamedia.net\/wp-content\/uploads\/2021\/12\/medialab2009-300x200.jpg 300w, https:\/\/semillamedia.net\/wp-content\/uploads\/2021\/12\/medialab2009-768x512.jpg 768w\" sizes=\"auto, (max-width: 799px) 100vw, 799px\" \/><figcaption class=\"wp-element-caption\">Medialab Prado &#8211; Madrid 5\/06\/2009 &#8211; font: <a href=\"https:\/\/flic.kr\/p\/6vi4Gx\">https:\/\/flic.kr\/p\/6vi4Gx<\/a><\/figcaption><\/figure>\n\n<h5 class=\"wp-block-heading\" id=\"promocion\">Promoci\u00f3<\/h5>\n\n<figure class=\"wp-block-image aligncenter size-full is-resized\"><img loading=\"lazy\" decoding=\"async\" width=\"1045\" height=\"589\" src=\"http:\/\/semillamedia.net\/wp-content\/uploads\/2021\/12\/image-2.png\" alt=\"\" class=\"wp-image-26\" style=\"width:523px;height:295px\" srcset=\"https:\/\/semillamedia.net\/wp-content\/uploads\/2021\/12\/image-2.png 1045w, https:\/\/semillamedia.net\/wp-content\/uploads\/2021\/12\/image-2-300x169.png 300w, https:\/\/semillamedia.net\/wp-content\/uploads\/2021\/12\/image-2-1024x577.png 1024w, https:\/\/semillamedia.net\/wp-content\/uploads\/2021\/12\/image-2-768x433.png 768w\" sizes=\"auto, (max-width: 1045px) 100vw, 1045px\" \/><figcaption class=\"wp-element-caption\">Aleksei actualment.&#13;\nOrigami a Berl\u00edn. Desembre 2020&#13;\nFoto: Andrew Ballantyne<\/figcaption><\/figure>\n\n<p>Moltes gr\u00e0cies per visitar el lloc web del Projecte Semilla i col\u00b7laborar amb nosaltres.<\/p>\n\n<p>Aleksei Hecht.&#13;\n20 de enero de 2022<\/p>\n","protected":false},"excerpt":{"rendered":"<p>Recordant Semilla El Projecte Semilla neix a Barcelona l&#8217;any 2003 com a col\u00b7lectiu d&#8217;art i tecnologia. El grup va estar en actiu fins a principis de la d\u00e8cada seg\u00fcent. A la primavera del 2014 la web oficial es va deshabilitar, marcant el final del projecte i la culminaci\u00f3 d&#8217;una meravellosa etapa creativa. Actualment volem rescatar &hellip;<\/p>\n<p class=\"read-more\"> <a class=\"\" href=\"https:\/\/semillamedia.net\/ca\/\"> <span class=\"screen-reader-text\">Semilla<\/span> Llegeix m\u00e9s &raquo;<\/a><\/p>\n","protected":false},"author":1,"featured_media":0,"parent":0,"menu_order":0,"comment_status":"closed","ping_status":"closed","template":"","meta":{"site-sidebar-layout":"default","site-content-layout":"","ast-site-content-layout":"","site-content-style":"default","site-sidebar-style":"default","ast-global-header-display":"","ast-banner-title-visibility":"","ast-main-header-display":"","ast-hfb-above-header-display":"","ast-hfb-below-header-display":"","ast-hfb-mobile-header-display":"","site-post-title":"","ast-breadcrumbs-content":"","ast-featured-img":"","footer-sml-layout":"","theme-transparent-header-meta":"","adv-header-id-meta":"","stick-header-meta":"","header-above-stick-meta":"","header-main-stick-meta":"","header-below-stick-meta":"","astra-migrate-meta-layouts":"","footnotes":""},"class_list":["post-145","page","type-page","status-publish","hentry"],"yoast_head":"<!-- This site is optimized with the Yoast SEO plugin v27.3 - https:\/\/yoast.com\/product\/yoast-seo-wordpress\/ -->\n<title>Projecte Semilla - Mem\u00f2ria dun col\u00b7lectiu art\u00edstic. Barcelona 2003-2014<\/title>\n<meta name=\"description\" content=\"El Projecte Semilla neix a Barcelona l&#039;any 2003 com a col\u00b7lectiu d&#039;art i tecnologia. El grup va estar en actiu fins a principis de la d\u00e8cada seg\u00fcent.\" \/>\n<meta name=\"robots\" content=\"index, follow, max-snippet:-1, max-image-preview:large, max-video-preview:-1\" \/>\n<link rel=\"canonical\" href=\"https:\/\/semillamedia.net\/ca\/\" \/>\n<meta property=\"og:locale\" content=\"ca_ES\" \/>\n<meta property=\"og:type\" content=\"article\" \/>\n<meta property=\"og:title\" content=\"Projecte Semilla - Mem\u00f2ria dun col\u00b7lectiu art\u00edstic. Barcelona 2003-2014\" \/>\n<meta property=\"og:description\" content=\"El Projecte Semilla neix a Barcelona l&#039;any 2003 com a col\u00b7lectiu d&#039;art i tecnologia. El grup va estar en actiu fins a principis de la d\u00e8cada seg\u00fcent.\" \/>\n<meta property=\"og:url\" content=\"https:\/\/semillamedia.net\/ca\/\" \/>\n<meta property=\"og:site_name\" content=\"Projecte Semilla\" \/>\n<meta property=\"article:modified_time\" content=\"2024-01-25T20:46:27+00:00\" \/>\n<meta property=\"og:image\" content=\"https:\/\/semillamedia.net\/wp-content\/uploads\/2021\/12\/Image75.jpg\" \/>\n\t<meta property=\"og:image:width\" content=\"480\" \/>\n\t<meta property=\"og:image:height\" content=\"360\" \/>\n\t<meta property=\"og:image:type\" content=\"image\/jpeg\" \/>\n<meta name=\"twitter:card\" content=\"summary_large_image\" \/>\n<meta name=\"twitter:label1\" content=\"Temps estimat de lectura\" \/>\n\t<meta name=\"twitter:data1\" content=\"5 minuts\" \/>\n<script type=\"application\/ld+json\" class=\"yoast-schema-graph\">{\"@context\":\"https:\\\/\\\/schema.org\",\"@graph\":[{\"@type\":\"WebPage\",\"@id\":\"https:\\\/\\\/semillamedia.net\\\/ca\\\/\",\"url\":\"https:\\\/\\\/semillamedia.net\\\/ca\\\/\",\"name\":\"Projecte Semilla - Mem\u00f2ria dun col\u00b7lectiu art\u00edstic. Barcelona 2003-2014\",\"isPartOf\":{\"@id\":\"https:\\\/\\\/semillamedia.net\\\/ca\\\/#website\"},\"primaryImageOfPage\":{\"@id\":\"https:\\\/\\\/semillamedia.net\\\/ca\\\/#primaryimage\"},\"image\":{\"@id\":\"https:\\\/\\\/semillamedia.net\\\/ca\\\/#primaryimage\"},\"thumbnailUrl\":\"http:\\\/\\\/semillamedia.net\\\/wp-content\\\/uploads\\\/2021\\\/12\\\/Image75.jpg\",\"datePublished\":\"2022-01-06T13:35:36+00:00\",\"dateModified\":\"2024-01-25T20:46:27+00:00\",\"description\":\"El Projecte Semilla neix a Barcelona l'any 2003 com a col\u00b7lectiu d'art i tecnologia. El grup va estar en actiu fins a principis de la d\u00e8cada seg\u00fcent.\",\"breadcrumb\":{\"@id\":\"https:\\\/\\\/semillamedia.net\\\/ca\\\/#breadcrumb\"},\"inLanguage\":\"ca\",\"potentialAction\":[{\"@type\":\"ReadAction\",\"target\":[\"https:\\\/\\\/semillamedia.net\\\/ca\\\/\"]}]},{\"@type\":\"ImageObject\",\"inLanguage\":\"ca\",\"@id\":\"https:\\\/\\\/semillamedia.net\\\/ca\\\/#primaryimage\",\"url\":\"http:\\\/\\\/semillamedia.net\\\/wp-content\\\/uploads\\\/2021\\\/12\\\/Image75.jpg\",\"contentUrl\":\"http:\\\/\\\/semillamedia.net\\\/wp-content\\\/uploads\\\/2021\\\/12\\\/Image75.jpg\"},{\"@type\":\"BreadcrumbList\",\"@id\":\"https:\\\/\\\/semillamedia.net\\\/ca\\\/#breadcrumb\",\"itemListElement\":[{\"@type\":\"ListItem\",\"position\":1,\"name\":\"Portada\",\"item\":\"https:\\\/\\\/semillamedia.net\\\/ca\\\/\"},{\"@type\":\"ListItem\",\"position\":2,\"name\":\"Semilla\"}]},{\"@type\":\"WebSite\",\"@id\":\"https:\\\/\\\/semillamedia.net\\\/ca\\\/#website\",\"url\":\"https:\\\/\\\/semillamedia.net\\\/ca\\\/\",\"name\":\"Projecte Semilla\",\"description\":\"Mem\u00f2ria dun col\u00b7lectiu art\u00edstic. Barcelona 2003-2014\",\"publisher\":{\"@id\":\"https:\\\/\\\/semillamedia.net\\\/ca\\\/#organization\"},\"potentialAction\":[{\"@type\":\"SearchAction\",\"target\":{\"@type\":\"EntryPoint\",\"urlTemplate\":\"https:\\\/\\\/semillamedia.net\\\/ca\\\/?s={search_term_string}\"},\"query-input\":{\"@type\":\"PropertyValueSpecification\",\"valueRequired\":true,\"valueName\":\"search_term_string\"}}],\"inLanguage\":\"ca\"},{\"@type\":\"Organization\",\"@id\":\"https:\\\/\\\/semillamedia.net\\\/ca\\\/#organization\",\"name\":\"Proyecto Semilla\",\"url\":\"https:\\\/\\\/semillamedia.net\\\/ca\\\/\",\"logo\":{\"@type\":\"ImageObject\",\"inLanguage\":\"ca\",\"@id\":\"https:\\\/\\\/semillamedia.net\\\/ca\\\/#\\\/schema\\\/logo\\\/image\\\/\",\"url\":\"https:\\\/\\\/semillamedia.net\\\/wp-content\\\/uploads\\\/2021\\\/12\\\/Image75.jpg\",\"contentUrl\":\"https:\\\/\\\/semillamedia.net\\\/wp-content\\\/uploads\\\/2021\\\/12\\\/Image75.jpg\",\"width\":480,\"height\":360,\"caption\":\"Proyecto Semilla\"},\"image\":{\"@id\":\"https:\\\/\\\/semillamedia.net\\\/ca\\\/#\\\/schema\\\/logo\\\/image\\\/\"}}]}<\/script>\n<!-- \/ Yoast SEO plugin. -->","yoast_head_json":{"title":"Projecte Semilla - Mem\u00f2ria dun col\u00b7lectiu art\u00edstic. Barcelona 2003-2014","description":"El Projecte Semilla neix a Barcelona l'any 2003 com a col\u00b7lectiu d'art i tecnologia. El grup va estar en actiu fins a principis de la d\u00e8cada seg\u00fcent.","robots":{"index":"index","follow":"follow","max-snippet":"max-snippet:-1","max-image-preview":"max-image-preview:large","max-video-preview":"max-video-preview:-1"},"canonical":"https:\/\/semillamedia.net\/ca\/","og_locale":"ca_ES","og_type":"article","og_title":"Projecte Semilla - Mem\u00f2ria dun col\u00b7lectiu art\u00edstic. Barcelona 2003-2014","og_description":"El Projecte Semilla neix a Barcelona l'any 2003 com a col\u00b7lectiu d'art i tecnologia. El grup va estar en actiu fins a principis de la d\u00e8cada seg\u00fcent.","og_url":"https:\/\/semillamedia.net\/ca\/","og_site_name":"Projecte Semilla","article_modified_time":"2024-01-25T20:46:27+00:00","og_image":[{"width":480,"height":360,"url":"https:\/\/semillamedia.net\/wp-content\/uploads\/2021\/12\/Image75.jpg","type":"image\/jpeg"}],"twitter_card":"summary_large_image","twitter_misc":{"Temps estimat de lectura":"5 minuts"},"schema":{"@context":"https:\/\/schema.org","@graph":[{"@type":"WebPage","@id":"https:\/\/semillamedia.net\/ca\/","url":"https:\/\/semillamedia.net\/ca\/","name":"Projecte Semilla - Mem\u00f2ria dun col\u00b7lectiu art\u00edstic. Barcelona 2003-2014","isPartOf":{"@id":"https:\/\/semillamedia.net\/ca\/#website"},"primaryImageOfPage":{"@id":"https:\/\/semillamedia.net\/ca\/#primaryimage"},"image":{"@id":"https:\/\/semillamedia.net\/ca\/#primaryimage"},"thumbnailUrl":"http:\/\/semillamedia.net\/wp-content\/uploads\/2021\/12\/Image75.jpg","datePublished":"2022-01-06T13:35:36+00:00","dateModified":"2024-01-25T20:46:27+00:00","description":"El Projecte Semilla neix a Barcelona l'any 2003 com a col\u00b7lectiu d'art i tecnologia. El grup va estar en actiu fins a principis de la d\u00e8cada seg\u00fcent.","breadcrumb":{"@id":"https:\/\/semillamedia.net\/ca\/#breadcrumb"},"inLanguage":"ca","potentialAction":[{"@type":"ReadAction","target":["https:\/\/semillamedia.net\/ca\/"]}]},{"@type":"ImageObject","inLanguage":"ca","@id":"https:\/\/semillamedia.net\/ca\/#primaryimage","url":"http:\/\/semillamedia.net\/wp-content\/uploads\/2021\/12\/Image75.jpg","contentUrl":"http:\/\/semillamedia.net\/wp-content\/uploads\/2021\/12\/Image75.jpg"},{"@type":"BreadcrumbList","@id":"https:\/\/semillamedia.net\/ca\/#breadcrumb","itemListElement":[{"@type":"ListItem","position":1,"name":"Portada","item":"https:\/\/semillamedia.net\/ca\/"},{"@type":"ListItem","position":2,"name":"Semilla"}]},{"@type":"WebSite","@id":"https:\/\/semillamedia.net\/ca\/#website","url":"https:\/\/semillamedia.net\/ca\/","name":"Projecte Semilla","description":"Mem\u00f2ria dun col\u00b7lectiu art\u00edstic. Barcelona 2003-2014","publisher":{"@id":"https:\/\/semillamedia.net\/ca\/#organization"},"potentialAction":[{"@type":"SearchAction","target":{"@type":"EntryPoint","urlTemplate":"https:\/\/semillamedia.net\/ca\/?s={search_term_string}"},"query-input":{"@type":"PropertyValueSpecification","valueRequired":true,"valueName":"search_term_string"}}],"inLanguage":"ca"},{"@type":"Organization","@id":"https:\/\/semillamedia.net\/ca\/#organization","name":"Proyecto Semilla","url":"https:\/\/semillamedia.net\/ca\/","logo":{"@type":"ImageObject","inLanguage":"ca","@id":"https:\/\/semillamedia.net\/ca\/#\/schema\/logo\/image\/","url":"https:\/\/semillamedia.net\/wp-content\/uploads\/2021\/12\/Image75.jpg","contentUrl":"https:\/\/semillamedia.net\/wp-content\/uploads\/2021\/12\/Image75.jpg","width":480,"height":360,"caption":"Proyecto Semilla"},"image":{"@id":"https:\/\/semillamedia.net\/ca\/#\/schema\/logo\/image\/"}}]}},"_links":{"self":[{"href":"https:\/\/semillamedia.net\/ca\/wp-json\/wp\/v2\/pages\/145","targetHints":{"allow":["GET"]}}],"collection":[{"href":"https:\/\/semillamedia.net\/ca\/wp-json\/wp\/v2\/pages"}],"about":[{"href":"https:\/\/semillamedia.net\/ca\/wp-json\/wp\/v2\/types\/page"}],"author":[{"embeddable":true,"href":"https:\/\/semillamedia.net\/ca\/wp-json\/wp\/v2\/users\/1"}],"replies":[{"embeddable":true,"href":"https:\/\/semillamedia.net\/ca\/wp-json\/wp\/v2\/comments?post=145"}],"version-history":[{"count":8,"href":"https:\/\/semillamedia.net\/ca\/wp-json\/wp\/v2\/pages\/145\/revisions"}],"predecessor-version":[{"id":7748,"href":"https:\/\/semillamedia.net\/ca\/wp-json\/wp\/v2\/pages\/145\/revisions\/7748"}],"wp:attachment":[{"href":"https:\/\/semillamedia.net\/ca\/wp-json\/wp\/v2\/media?parent=145"}],"curies":[{"name":"wp","href":"https:\/\/api.w.org\/{rel}","templated":true}]}}